{"id":173,"date":"2017-02-02T03:25:14","date_gmt":"2017-02-02T02:25:14","guid":{"rendered":"http:\/\/cmd24.fr\/?page_id=173"},"modified":"2018-09-21T18:46:38","modified_gmt":"2018-09-21T16:46:38","slug":"reglementation-rts","status":"publish","type":"page","link":"https:\/\/cmd24.fr\/?page_id=173","title":{"rendered":"R\u00e9glementations (RTS et Clubs)"},"content":{"rendered":"<h1><span style=\"color: #ffcc00;\"><strong><em><a style=\"color: #ffcc00;\" href=\"https:\/\/ffm.ffmoto.org\/regles-techniques-et-de-securite\" target=\"_blank\" rel=\"noopener noreferrer\">R\u00e8gles Techniques de s\u00e9curit\u00e9 et code du sport<\/a><\/em><\/strong><\/span><\/h1>\n<p>Rendez-vous sur le site\u00a0 FFM et recherchez les RTS de la discipline que vous <span style=\"font-size: 16px;\">souhaitez pratiquer ou organiser.<\/span><\/p>\n<p><span style=\"font-size: 24px;\"><a href=\"https:\/\/ffm.ffmoto.org\/clubs\" target=\"_blank\" rel=\"noopener noreferrer\"><span style=\"color: #ffcc00;\"><em>Toutes les<\/em><\/span> <span style=\"color: #ffcc00;\"><em>infos<\/em><\/span><span style=\"color: #ffcc00;\"><em> pour les clubs<\/em><\/span><\/a><\/span><\/p>\n<p>Rendez-vous sur le site\u00a0 FFM et recherchez les informations n\u00e9cessaires \u00e0 l&rsquo;administration de votre club<span style=\"font-size: 16px;\">.<\/span><\/p>\n<p>&nbsp;<\/p>\n","protected":false},"excerpt":{"rendered":"<p>R\u00e8gles Techniques de s\u00e9curit\u00e9 et code du sport Rendez-vous sur le site\u00a0 FFM et recherchez les RTS de la discipline que vous souhaitez pratiquer ou organiser. Toutes les infos pour les clubs Rendez-vous sur le site\u00a0 FFM et recherchez les informations n\u00e9cessaires \u00e0 l&rsquo;administration de votre club. &nbsp;<\/p>\n","protected":false},"author":1,"featured_media":331,"parent":216,"menu_order":0,"comment_status":"closed","ping_status":"closed","template":"","meta":{"jetpack_post_was_ever_published":false},"colors":{"color":"ffffff","contrast":"0,0,0","custom":false},"jetpack_sharing_enabled":true,"jetpack_shortlink":"https:\/\/wp.me\/P8nMqZ-2N","_links":{"self":[{"href":"https:\/\/cmd24.fr\/index.php?rest_route=\/wp\/v2\/pages\/173"}],"collection":[{"href":"https:\/\/cmd24.fr\/index.php?rest_route=\/wp\/v2\/pages"}],"about":[{"href":"https:\/\/cmd24.fr\/index.php?rest_route=\/wp\/v2\/types\/page"}],"author":[{"embeddable":true,"href":"https:\/\/cmd24.fr\/index.php?rest_route=\/wp\/v2\/users\/1"}],"replies":[{"embeddable":true,"href":"https:\/\/cmd24.fr\/index.php?rest_route=%2Fwp%2Fv2%2Fcomments&post=173"}],"version-history":[{"count":11,"href":"https:\/\/cmd24.fr\/index.php?rest_route=\/wp\/v2\/pages\/173\/revisions"}],"predecessor-version":[{"id":749,"href":"https:\/\/cmd24.fr\/index.php?rest_route=\/wp\/v2\/pages\/173\/revisions\/749"}],"up":[{"embeddable":true,"href":"https:\/\/cmd24.fr\/index.php?rest_route=\/wp\/v2\/pages\/216"}],"wp:featuredmedia":[{"embeddable":true,"href":"https:\/\/cmd24.fr\/index.php?rest_route=\/wp\/v2\/media\/331"}],"wp:attachment":[{"href":"https:\/\/cmd24.fr\/index.php?rest_route=%2Fwp%2Fv2%2Fmedia&parent=173"}],"curies":[{"name":"wp","href":"https:\/\/api.w.org\/{rel}","templated":true}]}}