{"id":188,"date":"2017-02-02T04:01:40","date_gmt":"2017-02-02T03:01:40","guid":{"rendered":"http:\/\/cmd24.fr\/?page_id=188"},"modified":"2023-07-05T22:44:23","modified_gmt":"2023-07-05T20:44:23","slug":"bureau-cmd24","status":"publish","type":"page","link":"https:\/\/cmd24.fr\/?page_id=188","title":{"rendered":"Le Bureau"},"content":{"rendered":"<table style=\"width: 100%; height: 125px;\">\n<tbody>\n<tr style=\"height: 28px;\">\n<td style=\"width: 15.9937%; height: 28px;\" width=\"83\"><strong><span style=\"font-size: 10pt;\">Pr\u00e9sident<\/span><\/strong><\/td>\n<td style=\"width: 24.2236%; height: 28px;\" width=\"113\"><span style=\"font-size: 10pt;\"><strong>TABANOU Herv\u00e9<\/strong><br \/><\/span><\/td>\n<td style=\"width: 22.0497%; height: 28px;\" width=\"83\">\n<h5><span style=\"font-size: 10pt;\">06 84 81 24 78<br \/><\/span><\/h5>\n<\/td>\n<td style=\"width: 37.4223%; height: 28px;\" width=\"142\"><span style=\"color: #ffffff;\"><a style=\"color: #ffffff;\" href=\"mailto:tabanou.herve@wanadoo.fr\">tabanou.herve@wanadoo.fr<\/a><\/span><\/td>\n<\/tr>\n<tr style=\"height: 28px;\">\n<td style=\"width: 15.9937%; height: 28px;\" width=\"83\"><strong><span style=\"font-size: 10pt;\">Vice Pr\u00e9sident<\/span><\/strong><\/td>\n<td style=\"width: 24.2236%; height: 28px;\" width=\"113\"><span style=\"font-size: 10pt;\"><strong>ROCHE Christian<\/strong><br \/><\/span><\/td>\n<td style=\"width: 22.0497%; height: 28px;\" width=\"83\">\n<h5><span style=\"font-size: 10pt;\">06 75 61 84 24<br \/><\/span><\/h5>\n<\/td>\n<td style=\"width: 37.4223%; height: 28px;\" width=\"142\"><span style=\"color: #ffffff;\"><a style=\"color: #ffffff;\" href=\"mailto:\u00a0fa.mc.leyssartroux@orange.fr\"><span style=\"font-size: 10pt;\">\u00a0fa.mc.leyssartroux@orange.fr<\/span><\/a><\/span><\/td>\n<\/tr>\n<tr style=\"height: 41px;\">\n<td style=\"width: 15.9937%; height: 41px;\" width=\"83\"><strong><span style=\"font-size: 10pt;\">Secr\u00e9taire<\/span><\/strong><\/td>\n<td style=\"width: 24.2236%; height: 41px;\" width=\"113\"><strong><span style=\"font-size: 10pt;\">LAFON-GAUTHIER\u00a0 Patricia<\/span><\/strong><\/td>\n<td style=\"width: 22.0497%; height: 41px;\" width=\"83\">\n<h5>06 75 22 19 25<\/h5>\n<\/td>\n<td style=\"width: 37.4223%; height: 41px;\" width=\"142\"><span style=\"color: #ffffff;\"><a class=\"rABsFf RffVmb AL18ce\" style=\"color: #ffffff;\" href=\"mailto:patricia.lafon@sfr.fr\" target=\"_blank\" rel=\"noopener noreferrer\" data-tooltip-position=\"top\" data-tooltip=\"Informations issues de votre profil Google\">patricia.lafon@sfr.fr<\/a><\/span><\/td>\n<\/tr>\n<tr style=\"height: 28px;\">\n<td style=\"width: 15.9937%; height: 28px;\" width=\"83\"><strong><span style=\"font-size: 10pt;\">Tr\u00e9sorier<\/span><\/strong><\/td>\n<td style=\"width: 24.2236%; height: 28px;\" width=\"113\"><span style=\"font-size: 10pt;\"><strong>FEVRIER Jean Jacques<\/strong><br \/><\/span><\/td>\n<td style=\"width: 22.0497%; height: 28px;\" width=\"83\">\n<h5><span style=\"font-size: 10pt;\">06 11 71 88 74<\/span><\/h5>\n<\/td>\n<td style=\"width: 37.4223%; height: 28px;\" width=\"142\"><span style=\"color: #ffffff;\"><a style=\"color: #ffffff;\" href=\"mailto:jacques.fevier254@orange.fr\"><span style=\"font-size: 10pt;\">jacques.fevier254@orange.fr<\/span><\/a><\/span><\/td>\n<\/tr>\n<\/tbody>\n<\/table>\n\n\n<figure id=\"attachment_1019\" aria-describedby=\"caption-attachment-1019\" style=\"width: 300px\" class=\"wp-caption aligncenter\"><img data-attachment-id=\"1019\" data-permalink=\"https:\/\/cmd24.fr\/?attachment_id=1019\" data-orig-file=\"https:\/\/i0.wp.com\/cmd24.fr\/wp-content\/uploads\/2023\/07\/Orange-et-Blanc-Simple-Rrentree-scolaire-Bulletin-dinformation.jpg?fit=1414%2C1271&amp;ssl=1\" data-orig-size=\"1414,1271\" data-comments-opened=\"1\" data-image-meta=\"{&quot;aperture&quot;:&quot;0&quot;,&quot;credit&quot;:&quot;&quot;,&quot;camera&quot;:&quot;&quot;,&quot;caption&quot;:&quot;Orange et Blanc Simple Rrentr\\u00e9e scolaire Bulletin d&#039;information - 2&quot;,&quot;created_timestamp&quot;:&quot;0&quot;,&quot;copyright&quot;:&quot;&quot;,&quot;focal_length&quot;:&quot;0&quot;,&quot;iso&quot;:&quot;0&quot;,&quot;shutter_speed&quot;:&quot;0&quot;,&quot;title&quot;:&quot;Orange et Blanc Simple Rrentr\\u00e9e scolaire Bulletin d&#039;information - 2&quot;,&quot;orientation&quot;:&quot;1&quot;}\" data-image-title=\"Orange et Blanc Simple Rrentr\u00e9e scolaire Bulletin d&amp;rsquo;information &#8211; 2\" data-image-description=\"\" data-image-caption=\"&lt;p&gt;Orange et Blanc Simple Rrentr\u00e9e scolaire Bulletin d&amp;rsquo;information &#8211; 2&lt;\/p&gt;\n\" data-medium-file=\"https:\/\/i0.wp.com\/cmd24.fr\/wp-content\/uploads\/2023\/07\/Orange-et-Blanc-Simple-Rrentree-scolaire-Bulletin-dinformation.jpg?fit=300%2C270&amp;ssl=1\" data-large-file=\"https:\/\/i0.wp.com\/cmd24.fr\/wp-content\/uploads\/2023\/07\/Orange-et-Blanc-Simple-Rrentree-scolaire-Bulletin-dinformation.jpg?fit=525%2C472&amp;ssl=1\" decoding=\"async\" loading=\"lazy\" class=\"wp-image-1019 size-medium\" src=\"https:\/\/i0.wp.com\/cmd24.fr\/wp-content\/uploads\/2023\/07\/Orange-et-Blanc-Simple-Rrentree-scolaire-Bulletin-dinformation.jpg?resize=300%2C270\" alt=\"\" width=\"300\" height=\"270\" data-id=\"1019\" srcset=\"https:\/\/i0.wp.com\/cmd24.fr\/wp-content\/uploads\/2023\/07\/Orange-et-Blanc-Simple-Rrentree-scolaire-Bulletin-dinformation.jpg?resize=300%2C270&amp;ssl=1 300w, https:\/\/i0.wp.com\/cmd24.fr\/wp-content\/uploads\/2023\/07\/Orange-et-Blanc-Simple-Rrentree-scolaire-Bulletin-dinformation.jpg?resize=1024%2C920&amp;ssl=1 1024w, https:\/\/i0.wp.com\/cmd24.fr\/wp-content\/uploads\/2023\/07\/Orange-et-Blanc-Simple-Rrentree-scolaire-Bulletin-dinformation.jpg?resize=768%2C690&amp;ssl=1 768w, https:\/\/i0.wp.com\/cmd24.fr\/wp-content\/uploads\/2023\/07\/Orange-et-Blanc-Simple-Rrentree-scolaire-Bulletin-dinformation.jpg?w=1414&amp;ssl=1 1414w\" sizes=\"(max-width: 300px) 100vw, 300px\" data-recalc-dims=\"1\" \/><figcaption id=\"caption-attachment-1019\" class=\"wp-caption-text\">\u00a0<\/figcaption><\/figure>\n","protected":false},"excerpt":{"rendered":"<p>Pr\u00e9sident TABANOU Herv\u00e9 06 84 81 24 78 tabanou.herve@wanadoo.fr Vice Pr\u00e9sident ROCHE Christian 06 75 61 84 24 \u00a0fa.mc.leyssartroux@orange.fr Secr\u00e9taire LAFON-GAUTHIER\u00a0 Patricia 06 75 22 19 25 patricia.lafon@sfr.fr Tr\u00e9sorier FEVRIER Jean Jacques 06 11 71 88 74 jacques.fevier254@orange.fr<\/p>\n","protected":false},"author":1,"featured_media":802,"parent":192,"menu_order":0,"comment_status":"closed","ping_status":"closed","template":"","meta":{"jetpack_post_was_ever_published":false},"colors":{"color":"a99894","contrast":"0,0,0","custom":false},"jetpack_sharing_enabled":true,"jetpack_shortlink":"https:\/\/wp.me\/P8nMqZ-32","_links":{"self":[{"href":"https:\/\/cmd24.fr\/index.php?rest_route=\/wp\/v2\/pages\/188"}],"collection":[{"href":"https:\/\/cmd24.fr\/index.php?rest_route=\/wp\/v2\/pages"}],"about":[{"href":"https:\/\/cmd24.fr\/index.php?rest_route=\/wp\/v2\/types\/page"}],"author":[{"embeddable":true,"href":"https:\/\/cmd24.fr\/index.php?rest_route=\/wp\/v2\/users\/1"}],"replies":[{"embeddable":true,"href":"https:\/\/cmd24.fr\/index.php?rest_route=%2Fwp%2Fv2%2Fcomments&post=188"}],"version-history":[{"count":33,"href":"https:\/\/cmd24.fr\/index.php?rest_route=\/wp\/v2\/pages\/188\/revisions"}],"predecessor-version":[{"id":1021,"href":"https:\/\/cmd24.fr\/index.php?rest_route=\/wp\/v2\/pages\/188\/revisions\/1021"}],"up":[{"embeddable":true,"href":"https:\/\/cmd24.fr\/index.php?rest_route=\/wp\/v2\/pages\/192"}],"wp:featuredmedia":[{"embeddable":true,"href":"https:\/\/cmd24.fr\/index.php?rest_route=\/wp\/v2\/media\/802"}],"wp:attachment":[{"href":"https:\/\/cmd24.fr\/index.php?rest_route=%2Fwp%2Fv2%2Fmedia&parent=188"}],"curies":[{"name":"wp","href":"https:\/\/api.w.org\/{rel}","templated":true}]}}