{"id":227,"date":"2017-02-03T01:38:22","date_gmt":"2017-02-03T00:38:22","guid":{"rendered":"http:\/\/cmd24.fr\/?page_id=227"},"modified":"2019-02-14T04:22:44","modified_gmt":"2019-02-14T03:22:44","slug":"formations-mini-moto-educatives-cmd-24","status":"publish","type":"page","link":"https:\/\/cmd24.fr\/?page_id=227","title":{"rendered":"Formation \u00e9ducative"},"content":{"rendered":"<h2><span style=\"color: #ff6600;\"><em><strong>Structure gonflable \u00e9ducatives<\/strong><\/em><\/span><\/h2>\n<p style=\"text-align: justify;\">Le C<a href=\"https:\/\/i0.wp.com\/cmd24.fr\/wp-content\/uploads\/2017\/02\/IMG_0424.jpg\"><img data-attachment-id=\"229\" data-permalink=\"https:\/\/cmd24.fr\/?attachment_id=229\" data-orig-file=\"https:\/\/i0.wp.com\/cmd24.fr\/wp-content\/uploads\/2017\/02\/IMG_0424.jpg?fit=1139%2C850&amp;ssl=1\" data-orig-size=\"1139,850\" data-comments-opened=\"1\" data-image-meta=\"{&quot;aperture&quot;:&quot;0&quot;,&quot;credit&quot;:&quot;&quot;,&quot;camera&quot;:&quot;&quot;,&quot;caption&quot;:&quot;&quot;,&quot;created_timestamp&quot;:&quot;0&quot;,&quot;copyright&quot;:&quot;&quot;,&quot;focal_length&quot;:&quot;0&quot;,&quot;iso&quot;:&quot;0&quot;,&quot;shutter_speed&quot;:&quot;0&quot;,&quot;title&quot;:&quot;&quot;,&quot;orientation&quot;:&quot;0&quot;}\" data-image-title=\"IMG_0424\" data-image-description=\"\" data-image-caption=\"\" data-medium-file=\"https:\/\/i0.wp.com\/cmd24.fr\/wp-content\/uploads\/2017\/02\/IMG_0424.jpg?fit=300%2C224&amp;ssl=1\" data-large-file=\"https:\/\/i0.wp.com\/cmd24.fr\/wp-content\/uploads\/2017\/02\/IMG_0424.jpg?fit=525%2C392&amp;ssl=1\" decoding=\"async\" loading=\"lazy\" class=\"alignright wp-image-229 size-medium\" src=\"https:\/\/i0.wp.com\/cmd24.fr\/wp-content\/uploads\/2017\/02\/IMG_0424.jpg?resize=300%2C224\" width=\"300\" height=\"224\" srcset=\"https:\/\/i0.wp.com\/cmd24.fr\/wp-content\/uploads\/2017\/02\/IMG_0424.jpg?resize=300%2C224&amp;ssl=1 300w, https:\/\/i0.wp.com\/cmd24.fr\/wp-content\/uploads\/2017\/02\/IMG_0424.jpg?resize=768%2C573&amp;ssl=1 768w, https:\/\/i0.wp.com\/cmd24.fr\/wp-content\/uploads\/2017\/02\/IMG_0424.jpg?resize=1024%2C764&amp;ssl=1 1024w, https:\/\/i0.wp.com\/cmd24.fr\/wp-content\/uploads\/2017\/02\/IMG_0424.jpg?w=1139&amp;ssl=1 1139w\" sizes=\"(max-width: 300px) 100vw, 300px\" data-recalc-dims=\"1\" \/><\/a>MD 24 met \u00e0 la disposition des clubs FFM Dordogne, une structure Mini Moto \u00e9ducative et ludique pour permettre \u00e0 des enfants de 4 \u00e0 12 ans de d\u00e9couvrir la conduite d&rsquo;une moto adapt\u00e9e \u00e0 leur morphologie Nous fournissons la remorque avec tous le mat\u00e9riel \u00e0 l&rsquo;int\u00e9rieur,<\/p>\n<ul>\n<li>3 motos<\/li>\n<li>Les protections: casques, charlottes,\u00a0 gants, genouill\u00e8res et coudi\u00e8res<\/li>\n<li>La structure gonflable avec souffleur et une rallonge \u00e9lectrique<\/li>\n<\/ul>\n<p><strong><em>Il suffit d&rsquo;en faire la demande aupr\u00e8s du CMD 24 et d&rsquo;\u00e9tablir une convention.<br \/>\n <\/em><\/strong><\/p>\n","protected":false},"excerpt":{"rendered":"<p>Structure gonflable \u00e9ducatives Le CMD 24 met \u00e0 la disposition des clubs FFM Dordogne, une structure Mini Moto \u00e9ducative et ludique pour permettre \u00e0 des enfants de 4 \u00e0 12 ans de d\u00e9couvrir la conduite d&rsquo;une moto adapt\u00e9e \u00e0 leur morphologie Nous fournissons la remorque avec tous le mat\u00e9riel \u00e0 l&rsquo;int\u00e9rieur, 3 motos Les protections: &hellip; <\/p>\n<p class=\"link-more\"><a href=\"https:\/\/cmd24.fr\/?page_id=227\" class=\"more-link\">Continuer la lecture<span class=\"screen-reader-text\"> de &laquo;&nbsp;Formation \u00e9ducative&nbsp;&raquo;<\/span><\/a><\/p>\n","protected":false},"author":1,"featured_media":802,"parent":147,"menu_order":0,"comment_status":"closed","ping_status":"closed","template":"","meta":{"jetpack_post_was_ever_published":false},"colors":{"color":"86744e","contrast":"0,0,0","custom":false},"jetpack_sharing_enabled":true,"jetpack_shortlink":"https:\/\/wp.me\/P8nMqZ-3F","_links":{"self":[{"href":"https:\/\/cmd24.fr\/index.php?rest_route=\/wp\/v2\/pages\/227"}],"collection":[{"href":"https:\/\/cmd24.fr\/index.php?rest_route=\/wp\/v2\/pages"}],"about":[{"href":"https:\/\/cmd24.fr\/index.php?rest_route=\/wp\/v2\/types\/page"}],"author":[{"embeddable":true,"href":"https:\/\/cmd24.fr\/index.php?rest_route=\/wp\/v2\/users\/1"}],"replies":[{"embeddable":true,"href":"https:\/\/cmd24.fr\/index.php?rest_route=%2Fwp%2Fv2%2Fcomments&post=227"}],"version-history":[{"count":15,"href":"https:\/\/cmd24.fr\/index.php?rest_route=\/wp\/v2\/pages\/227\/revisions"}],"predecessor-version":[{"id":994,"href":"https:\/\/cmd24.fr\/index.php?rest_route=\/wp\/v2\/pages\/227\/revisions\/994"}],"up":[{"embeddable":true,"href":"https:\/\/cmd24.fr\/index.php?rest_route=\/wp\/v2\/pages\/147"}],"wp:featuredmedia":[{"embeddable":true,"href":"https:\/\/cmd24.fr\/index.php?rest_route=\/wp\/v2\/media\/802"}],"wp:attachment":[{"href":"https:\/\/cmd24.fr\/index.php?rest_route=%2Fwp%2Fv2%2Fmedia&parent=227"}],"curies":[{"name":"wp","href":"https:\/\/api.w.org\/{rel}","templated":true}]}}