{"id":270,"date":"2017-02-04T04:18:43","date_gmt":"2017-02-04T03:18:43","guid":{"rendered":"http:\/\/cmd24.fr\/?page_id=270"},"modified":"2021-04-04T14:54:02","modified_gmt":"2021-04-04T12:54:02","slug":"ecole-de-pilotage-dordogne","status":"publish","type":"page","link":"https:\/\/cmd24.fr\/?page_id=270","title":{"rendered":"\u00c9cole de pilotage"},"content":{"rendered":"<h1><span style=\"color: #ffff00;\"><strong>\u00c9coles de\u00a0 formation en Dordogne<\/strong> <\/span><\/h1>\n<h4><span style=\"color: #ff0000;\"><em>Ses structures sont encadr\u00e9es par des personnes qualifi\u00e9es par un brevet d&rsquo;\u00e9tat. Gage de s\u00e9rieux et de qualit\u00e9 d&rsquo;enseignement.<\/em><\/span><\/h4>\n<table>\n<tbody>\n<tr>\n<td width=\"232\">\u00a0<img data-attachment-id=\"271\" data-permalink=\"https:\/\/cmd24.fr\/?attachment_id=271\" data-orig-file=\"https:\/\/i0.wp.com\/cmd24.fr\/wp-content\/uploads\/2017\/02\/logo-ride-2015-2015-rvb.png?fit=351%2C248&amp;ssl=1\" data-orig-size=\"351,248\" data-comments-opened=\"1\" data-image-meta=\"{&quot;aperture&quot;:&quot;0&quot;,&quot;credit&quot;:&quot;&quot;,&quot;camera&quot;:&quot;&quot;,&quot;caption&quot;:&quot;&quot;,&quot;created_timestamp&quot;:&quot;0&quot;,&quot;copyright&quot;:&quot;&quot;,&quot;focal_length&quot;:&quot;0&quot;,&quot;iso&quot;:&quot;0&quot;,&quot;shutter_speed&quot;:&quot;0&quot;,&quot;title&quot;:&quot;&quot;,&quot;orientation&quot;:&quot;0&quot;}\" data-image-title=\"logo ride 2015-2015 rvb\" data-image-description=\"\" data-image-caption=\"\" data-medium-file=\"https:\/\/i0.wp.com\/cmd24.fr\/wp-content\/uploads\/2017\/02\/logo-ride-2015-2015-rvb.png?fit=300%2C212&amp;ssl=1\" data-large-file=\"https:\/\/i0.wp.com\/cmd24.fr\/wp-content\/uploads\/2017\/02\/logo-ride-2015-2015-rvb.png?fit=351%2C248&amp;ssl=1\" decoding=\"async\" loading=\"lazy\" class=\"alignleft wp-image-271 size-medium\" src=\"https:\/\/i0.wp.com\/cmd24.fr\/wp-content\/uploads\/2017\/02\/logo-ride-2015-2015-rvb.png?resize=300%2C212\" width=\"300\" height=\"212\" srcset=\"https:\/\/i0.wp.com\/cmd24.fr\/wp-content\/uploads\/2017\/02\/logo-ride-2015-2015-rvb.png?resize=300%2C212&amp;ssl=1 300w, https:\/\/i0.wp.com\/cmd24.fr\/wp-content\/uploads\/2017\/02\/logo-ride-2015-2015-rvb.png?w=351&amp;ssl=1 351w\" sizes=\"(max-width: 300px) 100vw, 300px\" data-recalc-dims=\"1\" \/><\/td>\n<td width=\"313\">\n<p style=\"text-align: center;\"><strong>Gr\u00e9gory ROUSSEAU<\/strong><\/p>\n<p style=\"text-align: left;\">06 32 67 07 06<\/p>\n<p style=\"text-align: left;\"><a href=\"mailto:rideonemx@hotmail.fr\" target=\"_blank\" rel=\"noopener noreferrer\">rideonemx@hotmail.fr<\/a><\/p>\n<p style=\"text-align: left;\"><a href=\"http:\/\/www.rideonmx.com\/\" target=\"_blank\" rel=\"noopener noreferrer\">http:\/\/www.rideonmx.com\/<\/a><\/p>\n<p style=\"text-align: left;\">CHANTERAC 24190<\/p>\n<\/td>\n<\/tr>\n<tr>\n<td width=\"232\">\u00a0<img data-attachment-id=\"272\" data-permalink=\"https:\/\/cmd24.fr\/?attachment_id=272\" data-orig-file=\"https:\/\/i0.wp.com\/cmd24.fr\/wp-content\/uploads\/2017\/02\/Mabru.jpg?fit=391%2C199&amp;ssl=1\" data-orig-size=\"391,199\" data-comments-opened=\"1\" data-image-meta=\"{&quot;aperture&quot;:&quot;0&quot;,&quot;credit&quot;:&quot;&quot;,&quot;camera&quot;:&quot;&quot;,&quot;caption&quot;:&quot;&quot;,&quot;created_timestamp&quot;:&quot;0&quot;,&quot;copyright&quot;:&quot;&quot;,&quot;focal_length&quot;:&quot;0&quot;,&quot;iso&quot;:&quot;0&quot;,&quot;shutter_speed&quot;:&quot;0&quot;,&quot;title&quot;:&quot;&quot;,&quot;orientation&quot;:&quot;0&quot;}\" data-image-title=\"Mabru\" data-image-description=\"\" data-image-caption=\"\" data-medium-file=\"https:\/\/i0.wp.com\/cmd24.fr\/wp-content\/uploads\/2017\/02\/Mabru.jpg?fit=300%2C153&amp;ssl=1\" data-large-file=\"https:\/\/i0.wp.com\/cmd24.fr\/wp-content\/uploads\/2017\/02\/Mabru.jpg?fit=391%2C199&amp;ssl=1\" decoding=\"async\" loading=\"lazy\" class=\"aligncenter wp-image-272\" src=\"https:\/\/i0.wp.com\/cmd24.fr\/wp-content\/uploads\/2017\/02\/Mabru.jpg?resize=220%2C112\" width=\"220\" height=\"112\" srcset=\"https:\/\/i0.wp.com\/cmd24.fr\/wp-content\/uploads\/2017\/02\/Mabru.jpg?resize=300%2C153&amp;ssl=1 300w, https:\/\/i0.wp.com\/cmd24.fr\/wp-content\/uploads\/2017\/02\/Mabru.jpg?w=391&amp;ssl=1 391w\" sizes=\"(max-width: 220px) 100vw, 220px\" data-recalc-dims=\"1\" \/><\/td>\n<td width=\"313\">\n<p style=\"text-align: center;\"><strong>Laurent MABRU<\/strong><\/p>\n<p style=\"text-align: left;\">06 07 14 89 61<\/p>\n<p style=\"text-align: left;\"><a href=\"mailto:mabru.laurent@orange.fr\" target=\"_blank\" rel=\"noopener noreferrer\">mabru.laurent@orange.fr<\/a><\/p>\n<p style=\"text-align: left;\"><a href=\"https:\/\/fr-fr.facebook.com\/laurent.mabru\" target=\"_blank\" rel=\"noopener noreferrer\">https:\/\/fr-fr.facebook.com\/laurent.mabru<\/a><\/p>\n<p style=\"text-align: left;\">ST CYBRANET 24250<\/p>\n<\/td>\n<\/tr>\n<tr>\n<td width=\"232\">\u00a0<img data-attachment-id=\"273\" data-permalink=\"https:\/\/cmd24.fr\/?attachment_id=273\" data-orig-file=\"https:\/\/i0.wp.com\/cmd24.fr\/wp-content\/uploads\/2017\/02\/Seb-Touches-e1486608965261.jpg?fit=1223%2C493&amp;ssl=1\" data-orig-size=\"1223,493\" data-comments-opened=\"1\" data-image-meta=\"{&quot;aperture&quot;:&quot;0&quot;,&quot;credit&quot;:&quot;&quot;,&quot;camera&quot;:&quot;&quot;,&quot;caption&quot;:&quot;&quot;,&quot;created_timestamp&quot;:&quot;0&quot;,&quot;copyright&quot;:&quot;&quot;,&quot;focal_length&quot;:&quot;0&quot;,&quot;iso&quot;:&quot;0&quot;,&quot;shutter_speed&quot;:&quot;0&quot;,&quot;title&quot;:&quot;&quot;,&quot;orientation&quot;:&quot;0&quot;}\" data-image-title=\"Seb Touches\" data-image-description=\"\" data-image-caption=\"\" data-medium-file=\"https:\/\/i0.wp.com\/cmd24.fr\/wp-content\/uploads\/2017\/02\/Seb-Touches-e1486608965261.jpg?fit=300%2C121&amp;ssl=1\" data-large-file=\"https:\/\/i0.wp.com\/cmd24.fr\/wp-content\/uploads\/2017\/02\/Seb-Touches-e1486608965261.jpg?fit=525%2C212&amp;ssl=1\" decoding=\"async\" loading=\"lazy\" class=\"alignleft wp-image-273 size-medium\" src=\"https:\/\/i0.wp.com\/cmd24.fr\/wp-content\/uploads\/2017\/02\/Seb-Touches.jpg?resize=300%2C121\" width=\"300\" height=\"121\" data-recalc-dims=\"1\" \/><\/td>\n<td width=\"313\">\n<p style=\"text-align: center;\"><strong>S\u00e9bastien TOUCHES<\/strong><\/p>\n<p style=\"text-align: left;\">06 16 64 65 88<\/p>\n<p style=\"text-align: left;\"><a href=\"mailto:Touch82@hotmail.fr\" target=\"_blank\" rel=\"noopener noreferrer\">Touch82@hotmail.fr<\/a><\/p>\n<p style=\"text-align: left;\"><a href=\"https:\/\/fr-fr.facebook.com\/sebastien.touches\" target=\"_blank\" rel=\"noopener noreferrer\">https:\/\/fr-fr.facebook.com<\/a>\/sebastien.touches<\/p>\n<p style=\"text-align: left;\">ST POMPON 24170<\/p>\n<\/td>\n<\/tr>\n<tr>\n<td width=\"232\"><\/td>\n<td width=\"313\"><\/td>\n<\/tr>\n<\/tbody>\n<\/table>\n<table>\n<tbody>\n<tr>\n<td width=\"232\"><img data-attachment-id=\"275\" data-permalink=\"https:\/\/cmd24.fr\/?attachment_id=275\" data-orig-file=\"https:\/\/i0.wp.com\/cmd24.fr\/wp-content\/uploads\/2017\/02\/2-rives-2.jpg?fit=433%2C425&amp;ssl=1\" data-orig-size=\"433,425\" data-comments-opened=\"1\" data-image-meta=\"{&quot;aperture&quot;:&quot;0&quot;,&quot;credit&quot;:&quot;&quot;,&quot;camera&quot;:&quot;&quot;,&quot;caption&quot;:&quot;&quot;,&quot;created_timestamp&quot;:&quot;0&quot;,&quot;copyright&quot;:&quot;&quot;,&quot;focal_length&quot;:&quot;0&quot;,&quot;iso&quot;:&quot;0&quot;,&quot;shutter_speed&quot;:&quot;0&quot;,&quot;title&quot;:&quot;&quot;,&quot;orientation&quot;:&quot;0&quot;}\" data-image-title=\"2 rives 2\" data-image-description=\"\" data-image-caption=\"\" data-medium-file=\"https:\/\/i0.wp.com\/cmd24.fr\/wp-content\/uploads\/2017\/02\/2-rives-2.jpg?fit=300%2C294&amp;ssl=1\" data-large-file=\"https:\/\/i0.wp.com\/cmd24.fr\/wp-content\/uploads\/2017\/02\/2-rives-2.jpg?fit=433%2C425&amp;ssl=1\" decoding=\"async\" loading=\"lazy\" class=\"aligncenter wp-image-275\" src=\"https:\/\/i0.wp.com\/cmd24.fr\/wp-content\/uploads\/2017\/02\/2-rives-2.jpg?resize=220%2C216\" width=\"220\" height=\"216\" srcset=\"https:\/\/i0.wp.com\/cmd24.fr\/wp-content\/uploads\/2017\/02\/2-rives-2.jpg?resize=300%2C294&amp;ssl=1 300w, https:\/\/i0.wp.com\/cmd24.fr\/wp-content\/uploads\/2017\/02\/2-rives-2.jpg?w=433&amp;ssl=1 433w\" sizes=\"(max-width: 220px) 100vw, 220px\" data-recalc-dims=\"1\" \/><\/td>\n<td width=\"313\">\n<p style=\"text-align: center;\"><strong>Moto-club des 2 RIVES<\/strong><\/p>\n<p>Thierry MARCHIVE<\/p>\n<p style=\"text-align: left;\">06 95 45 44 10<\/p>\n<p style=\"text-align: left;\"><a href=\"mailto:mc2rives@gmail.com\" target=\"_blank\" rel=\"noopener noreferrer\">mc2rives@gmail.com<\/a><\/p>\n<p style=\"text-align: left;\">TRELISSAC 24750<\/p>\n<\/td>\n<\/tr>\n<\/tbody>\n<\/table>\n","protected":false},"excerpt":{"rendered":"<p>\u00c9coles de\u00a0 formation en Dordogne Ses structures sont encadr\u00e9es par des personnes qualifi\u00e9es par un brevet d&rsquo;\u00e9tat. Gage de s\u00e9rieux et de qualit\u00e9 d&rsquo;enseignement. \u00a0 Gr\u00e9gory ROUSSEAU 06 32 67 07 06 rideonemx@hotmail.fr http:\/\/www.rideonmx.com\/ CHANTERAC 24190 \u00a0 Laurent MABRU 06 07 14 89 61 mabru.laurent@orange.fr https:\/\/fr-fr.facebook.com\/laurent.mabru ST CYBRANET 24250 \u00a0 S\u00e9bastien TOUCHES 06 16 64 &hellip; <\/p>\n<p class=\"link-more\"><a href=\"https:\/\/cmd24.fr\/?page_id=270\" class=\"more-link\">Continuer la lecture<span class=\"screen-reader-text\"> de &laquo;&nbsp;\u00c9cole de pilotage&nbsp;&raquo;<\/span><\/a><\/p>\n","protected":false},"author":1,"featured_media":422,"parent":0,"menu_order":0,"comment_status":"closed","ping_status":"closed","template":"","meta":{"jetpack_post_was_ever_published":false},"colors":{"color":"82705c","contrast":"255,255,255","custom":false},"jetpack_sharing_enabled":true,"jetpack_shortlink":"https:\/\/wp.me\/P8nMqZ-4m","_links":{"self":[{"href":"https:\/\/cmd24.fr\/index.php?rest_route=\/wp\/v2\/pages\/270"}],"collection":[{"href":"https:\/\/cmd24.fr\/index.php?rest_route=\/wp\/v2\/pages"}],"about":[{"href":"https:\/\/cmd24.fr\/index.php?rest_route=\/wp\/v2\/types\/page"}],"author":[{"embeddable":true,"href":"https:\/\/cmd24.fr\/index.php?rest_route=\/wp\/v2\/users\/1"}],"replies":[{"embeddable":true,"href":"https:\/\/cmd24.fr\/index.php?rest_route=%2Fwp%2Fv2%2Fcomments&post=270"}],"version-history":[{"count":25,"href":"https:\/\/cmd24.fr\/index.php?rest_route=\/wp\/v2\/pages\/270\/revisions"}],"predecessor-version":[{"id":981,"href":"https:\/\/cmd24.fr\/index.php?rest_route=\/wp\/v2\/pages\/270\/revisions\/981"}],"wp:featuredmedia":[{"embeddable":true,"href":"https:\/\/cmd24.fr\/index.php?rest_route=\/wp\/v2\/media\/422"}],"wp:attachment":[{"href":"https:\/\/cmd24.fr\/index.php?rest_route=%2Fwp%2Fv2%2Fmedia&parent=270"}],"curies":[{"name":"wp","href":"https:\/\/api.w.org\/{rel}","templated":true}]}}