{"id":336,"date":"2017-02-05T02:30:20","date_gmt":"2017-02-05T01:30:20","guid":{"rendered":"http:\/\/cmd24.fr\/?page_id=336"},"modified":"2021-04-04T15:21:57","modified_gmt":"2021-04-04T13:21:57","slug":"ligue-aquitaine","status":"publish","type":"page","link":"https:\/\/cmd24.fr\/?page_id=336","title":{"rendered":"Ligue Motocycliste Nouvelle-Aquitaine"},"content":{"rendered":"<h1><span style=\"font-size: 18pt;\"><em><span style=\"color: #ffff00;\">Toutes les infos en directes sur le site de la Ligue Nouvelle Aquitaine.<\/span><\/em><\/span><\/h1>\n<h1 style=\"text-align: center;\"><strong><span style=\"color: #ff9900;\"> <a style=\"color: #ff9900;\" href=\"https:\/\/liguemotonouvelleaquitaine.org\/\" target=\"_blank\" rel=\"noopener noreferrer\">Ligue Motocycliste Nouvelle Aquitaine<\/a><\/span><\/strong><\/h1>\n<ul>\n<li style=\"text-align: justify;\">Le calendrier de toutes les \u00e9preuves de Nouvelle Aquitaine<\/li>\n<li style=\"text-align: justify;\">Les adresses et contacts des clubs<\/li>\n<li style=\"text-align: justify;\">Les inscriptions aux CASM et Guidons<\/li>\n<li style=\"text-align: justify;\">Inscriptions aux formations d&rsquo;officiels<\/li>\n<li style=\"text-align: justify;\">les r\u00e9sultats des diff\u00e9rents championnats et troph\u00e9es de ligue<\/li>\n<li style=\"text-align: justify;\">Les classements, les disciplines et leurs r\u00e8glements<\/li>\n<li style=\"text-align: justify;\">Boites \u00e0 documents (tous les documents en ligne pour les \u00e9preuves, les clubs, les pratiquants,&#8230;)<\/li>\n<\/ul>\n","protected":false},"excerpt":{"rendered":"<p>Toutes les infos en directes sur le site de la Ligue Nouvelle Aquitaine. Ligue Motocycliste Nouvelle Aquitaine Le calendrier de toutes les \u00e9preuves de Nouvelle Aquitaine Les adresses et contacts des clubs Les inscriptions aux CASM et Guidons Inscriptions aux formations d&rsquo;officiels les r\u00e9sultats des diff\u00e9rents championnats et troph\u00e9es de ligue Les classements, les disciplines &hellip; <\/p>\n<p class=\"link-more\"><a href=\"https:\/\/cmd24.fr\/?page_id=336\" class=\"more-link\">Continuer la lecture<span class=\"screen-reader-text\"> de &laquo;&nbsp;Ligue Motocycliste Nouvelle-Aquitaine&nbsp;&raquo;<\/span><\/a><\/p>\n","protected":false},"author":1,"featured_media":863,"parent":0,"menu_order":0,"comment_status":"closed","ping_status":"closed","template":"","meta":{"jetpack_post_was_ever_published":false},"colors":{"color":"ffffff","contrast":"0,0,0","custom":false},"jetpack_sharing_enabled":true,"jetpack_shortlink":"https:\/\/wp.me\/P8nMqZ-5q","_links":{"self":[{"href":"https:\/\/cmd24.fr\/index.php?rest_route=\/wp\/v2\/pages\/336"}],"collection":[{"href":"https:\/\/cmd24.fr\/index.php?rest_route=\/wp\/v2\/pages"}],"about":[{"href":"https:\/\/cmd24.fr\/index.php?rest_route=\/wp\/v2\/types\/page"}],"author":[{"embeddable":true,"href":"https:\/\/cmd24.fr\/index.php?rest_route=\/wp\/v2\/users\/1"}],"replies":[{"embeddable":true,"href":"https:\/\/cmd24.fr\/index.php?rest_route=%2Fwp%2Fv2%2Fcomments&post=336"}],"version-history":[{"count":26,"href":"https:\/\/cmd24.fr\/index.php?rest_route=\/wp\/v2\/pages\/336\/revisions"}],"predecessor-version":[{"id":979,"href":"https:\/\/cmd24.fr\/index.php?rest_route=\/wp\/v2\/pages\/336\/revisions\/979"}],"wp:featuredmedia":[{"embeddable":true,"href":"https:\/\/cmd24.fr\/index.php?rest_route=\/wp\/v2\/media\/863"}],"wp:attachment":[{"href":"https:\/\/cmd24.fr\/index.php?rest_route=%2Fwp%2Fv2%2Fmedia&parent=336"}],"curies":[{"name":"wp","href":"https:\/\/api.w.org\/{rel}","templated":true}]}}