{"id":429,"date":"2017-02-10T04:06:55","date_gmt":"2017-02-10T03:06:55","guid":{"rendered":"http:\/\/cmd24.fr\/?page_id=429"},"modified":"2019-05-13T11:12:23","modified_gmt":"2019-05-13T09:12:23","slug":"les-organisations-sportives","status":"publish","type":"page","link":"https:\/\/cmd24.fr\/?page_id=429","title":{"rendered":"Les organisations CMD 24"},"content":{"rendered":"\n<p><span style=\"font-family: comic sans ms,sans-serif; color: #ffff00;\"><em><img data-attachment-id=\"511\" data-permalink=\"https:\/\/cmd24.fr\/?attachment_id=511\" data-orig-file=\"https:\/\/i0.wp.com\/cmd24.fr\/wp-content\/uploads\/2017\/02\/t1n.jpg?fit=1260%2C260&amp;ssl=1\" data-orig-size=\"1260,260\" data-comments-opened=\"1\" data-image-meta=\"{&quot;aperture&quot;:&quot;0&quot;,&quot;credit&quot;:&quot;USER&quot;,&quot;camera&quot;:&quot;&quot;,&quot;caption&quot;:&quot;&quot;,&quot;created_timestamp&quot;:&quot;1410426224&quot;,&quot;copyright&quot;:&quot;&quot;,&quot;focal_length&quot;:&quot;0&quot;,&quot;iso&quot;:&quot;0&quot;,&quot;shutter_speed&quot;:&quot;0&quot;,&quot;title&quot;:&quot;&quot;,&quot;orientation&quot;:&quot;0&quot;}\" data-image-title=\"t1n\" data-image-description=\"\" data-image-caption=\"\" data-medium-file=\"https:\/\/i0.wp.com\/cmd24.fr\/wp-content\/uploads\/2017\/02\/t1n.jpg?fit=300%2C62&amp;ssl=1\" data-large-file=\"https:\/\/i0.wp.com\/cmd24.fr\/wp-content\/uploads\/2017\/02\/t1n.jpg?fit=525%2C108&amp;ssl=1\" decoding=\"async\" loading=\"lazy\" class=\"alignleft size-medium wp-image-511\" src=\"https:\/\/i0.wp.com\/cmd24.fr\/wp-content\/uploads\/2017\/02\/t1n.jpg?resize=300%2C62\" alt=\"\" width=\"300\" height=\"62\" data-id=\"511\" srcset=\"https:\/\/i0.wp.com\/cmd24.fr\/wp-content\/uploads\/2017\/02\/t1n.jpg?resize=300%2C62&amp;ssl=1 300w, https:\/\/i0.wp.com\/cmd24.fr\/wp-content\/uploads\/2017\/02\/t1n.jpg?resize=768%2C158&amp;ssl=1 768w, https:\/\/i0.wp.com\/cmd24.fr\/wp-content\/uploads\/2017\/02\/t1n.jpg?resize=1024%2C211&amp;ssl=1 1024w, https:\/\/i0.wp.com\/cmd24.fr\/wp-content\/uploads\/2017\/02\/t1n.jpg?w=1260&amp;ssl=1 1260w\" sizes=\"(max-width: 300px) 100vw, 300px\" data-recalc-dims=\"1\" \/><span style=\"font-size: 12pt;\">Les 3, 4 et 5 octobre 2016, le CMD 24 a organis\u00e9 la 1\u00e8re \u00e9tape de l&rsquo;\u00e9dition 2016 du Rallye Moto Tour qui revenait apr\u00e8s une ann\u00e9e d&rsquo;arr\u00eat.<\/span><\/em><\/span><\/p>\n<ul style=\"list-style-type: square;\">\n<li style=\"text-align: justify;\"><span style=\"font-family: comic sans ms,sans-serif;\"><em>Lundi, 3 arriv\u00e9e des pilotes, de la caravane des accompagnants et partenaires du MT.<\/em><\/span><\/li>\n<li style=\"text-align: justify;\"><span style=\"font-family: comic sans ms,sans-serif;\"><em>Mardi 4, grande journ\u00e9e de roulage en Dordogne pour les pilotes avec 2 sp\u00e9ciales de r\u00e9gularit\u00e9 appel\u00e9es \u00ab\u00a0Base Chrono\u00a0\u00bb.<\/em><\/span><\/li>\n<li style=\"text-align: justify;\"><span style=\"font-family: comic sans ms,sans-serif;\"><em>Sur le site du Palio, animations de trial et stunt dans l&rsquo;apr\u00e8s midi et \u00e0 20h00, un trial international Indoor \u00e9tait organis\u00e9 dans la salle du Palio. Pas mois de 6 pilotes, Anglais, Espagnols et Fran\u00e7ais se sont mesur\u00e9s sur les zones trac\u00e9es par Bernard Estripeau, maitre d\u2019\u0153uvre du Trial.<\/em><\/span><\/li>\n<li style=\"text-align: justify;\"><span style=\"font-family: comic sans ms,sans-serif;\"><em>Mercredi 5, d\u00e9part des concurrents vers la seconde \u00e9tape du Puy en Velay. <\/em><em>Mais avant de quitter le d\u00e9partement, une sp\u00e9ciale chronom\u00e9tr\u00e9e les attendait sur la c\u00f4te des gra<span style=\"font-size: 12pt;\">nds bois sur la commune de Sarliac sur l&rsquo;Isle.<\/span><\/em><\/span><\/li>\n<\/ul>\n<p><em><span style=\"font-size: 12pt;\"><span style=\"color: #ffff00;\"><strong><span style=\"font-family: comic sans ms,sans-serif;\">Ra<\/span><\/strong><\/span><img data-attachment-id=\"897\" data-permalink=\"https:\/\/cmd24.fr\/?attachment_id=897\" data-orig-file=\"https:\/\/i0.wp.com\/cmd24.fr\/wp-content\/uploads\/2019\/05\/Moto-Ech2-150-DPI-7cm.jpg?fit=198%2C186&amp;ssl=1\" data-orig-size=\"198,186\" data-comments-opened=\"1\" data-image-meta=\"{&quot;aperture&quot;:&quot;0&quot;,&quot;credit&quot;:&quot;&quot;,&quot;camera&quot;:&quot;Exp10000XL10000&quot;,&quot;caption&quot;:&quot;&quot;,&quot;created_timestamp&quot;:&quot;0&quot;,&quot;copyright&quot;:&quot;&quot;,&quot;focal_length&quot;:&quot;0&quot;,&quot;iso&quot;:&quot;0&quot;,&quot;shutter_speed&quot;:&quot;0&quot;,&quot;title&quot;:&quot;&quot;,&quot;orientation&quot;:&quot;1&quot;}\" data-image-title=\"Moto Ech2 150 DPI 7cm\" data-image-description=\"\" data-image-caption=\"\" data-medium-file=\"https:\/\/i0.wp.com\/cmd24.fr\/wp-content\/uploads\/2019\/05\/Moto-Ech2-150-DPI-7cm.jpg?fit=198%2C186&amp;ssl=1\" data-large-file=\"https:\/\/i0.wp.com\/cmd24.fr\/wp-content\/uploads\/2019\/05\/Moto-Ech2-150-DPI-7cm.jpg?fit=198%2C186&amp;ssl=1\" decoding=\"async\" loading=\"lazy\" class=\"size-full wp-image-897 alignleft\" src=\"https:\/\/i0.wp.com\/cmd24.fr\/wp-content\/uploads\/2019\/05\/Moto-Ech2-150-DPI-7cm.jpg?resize=198%2C186\" alt=\"\" width=\"198\" height=\"186\" data-id=\"897\" data-recalc-dims=\"1\" \/><span style=\"color: #ffff00;\"><strong><span style=\"font-family: comic sans ms,sans-serif;\">llye Touristique et S\u00e9curit\u00e9 routi\u00e8re le 19 septembre 2016<\/span><\/strong><\/span><\/span><\/em><\/p>\n<p style=\"text-align: justify;\"><em><span style=\"font-family: comic sans ms,sans-serif;\">Le C<\/span><\/em><em><span style=\"font-family: comic sans ms,sans-serif;\">MD 24 renoue avec une tradition des ann\u00e9es 1990, d&rsquo;organiser un rallye permettant aux participants de d\u00e9couvrir le d\u00e9partement par des routes qu&rsquo;ils n&rsquo;ont pas l&rsquo;habitude de prendre. Au cours de cette balade, des points de contr\u00f4les les attendent o\u00f9 chaque \u00e9quipage devra r\u00e9pondre \u00e0 2 questionnaires et (ou) faire un jeu.<\/span><\/em><\/p>\n<p style=\"text-align: justify;\"><em><span style=\"font-family: comic sans ms,sans-serif;\">\u00a0 A l&rsquo;issue, des points seront attribu\u00e9s en fonction des bonnes r\u00e9ponses et un classement sera fait en fin de journ\u00e9e sur l&rsquo;ensemble des questions et des jeux et autres surprises. Un autre moment important dans le d\u00e9roulement de la journ\u00e9e ainsi que dans la vie du motard, c&rsquo;est un bon repas de terroir, pris en groupe dans un lieu insolite et plein de curiosit\u00e9s au c\u0153ur du P\u00e9rigord. <\/span><\/em><\/p>\n<p style=\"text-align: justify;\"><em><span style=\"font-family: comic sans ms,sans-serif;\">\u00a0 C&rsquo;est aussi un moment important pour le CMD 24 lui permettant de <\/span><\/em><em><span style=\"font-family: comic sans ms,sans-serif;\">sensibiliser les pilotes et accompagnants \u00e0 la s\u00e9curit\u00e9 routi\u00e8re en g\u00e9n\u00e9ral et sur 2 roues en particulier. Le CMD 24 se veut un acteur impliqu\u00e9 dans les actions d\u00e9partementales touchants \u00e0 la conduite responsable de la moto. Ce point de <\/span><\/em><em><span style=\"font-family: comic sans ms,sans-serif;\">vue est aussi partag\u00e9 par les adh\u00e9rents du RMC (Rouffignac Moto Club) qui est le partenaire du CMD 24 et l&rsquo;organisateur physique de ce Rallye.<\/span><\/em><\/p>\n<p style=\"text-align: justify;\"><span style=\"background-color: #ff0000;\"><em><span style=\"font-family: comic sans ms,sans-serif;\">Merci et f\u00e9licitation pour leur engagement!<\/span><\/em><\/span><\/p>\n","protected":false},"excerpt":{"rendered":"<p>Les 3, 4 et 5 octobre 2016, le CMD 24 a organis\u00e9 la 1\u00e8re \u00e9tape de l&rsquo;\u00e9dition 2016 du Rallye Moto Tour qui revenait apr\u00e8s une ann\u00e9e d&rsquo;arr\u00eat. Lundi, 3 arriv\u00e9e des pilotes, de la caravane des accompagnants et partenaires du MT. Mardi 4, grande journ\u00e9e de roulage en Dordogne pour les pilotes avec 2 &hellip; <\/p>\n<p class=\"link-more\"><a href=\"https:\/\/cmd24.fr\/?page_id=429\" class=\"more-link\">Continuer la lecture<span class=\"screen-reader-text\"> de &laquo;&nbsp;Les organisations CMD 24&nbsp;&raquo;<\/span><\/a><\/p>\n","protected":false},"author":1,"featured_media":434,"parent":0,"menu_order":0,"comment_status":"closed","ping_status":"closed","template":"","meta":{"jetpack_post_was_ever_published":false},"colors":{"color":"ffffff","contrast":"0,0,0","custom":false},"jetpack_sharing_enabled":true,"jetpack_shortlink":"https:\/\/wp.me\/P8nMqZ-6V","_links":{"self":[{"href":"https:\/\/cmd24.fr\/index.php?rest_route=\/wp\/v2\/pages\/429"}],"collection":[{"href":"https:\/\/cmd24.fr\/index.php?rest_route=\/wp\/v2\/pages"}],"about":[{"href":"https:\/\/cmd24.fr\/index.php?rest_route=\/wp\/v2\/types\/page"}],"author":[{"embeddable":true,"href":"https:\/\/cmd24.fr\/index.php?rest_route=\/wp\/v2\/users\/1"}],"replies":[{"embeddable":true,"href":"https:\/\/cmd24.fr\/index.php?rest_route=%2Fwp%2Fv2%2Fcomments&post=429"}],"version-history":[{"count":15,"href":"https:\/\/cmd24.fr\/index.php?rest_route=\/wp\/v2\/pages\/429\/revisions"}],"predecessor-version":[{"id":899,"href":"https:\/\/cmd24.fr\/index.php?rest_route=\/wp\/v2\/pages\/429\/revisions\/899"}],"wp:featuredmedia":[{"embeddable":true,"href":"https:\/\/cmd24.fr\/index.php?rest_route=\/wp\/v2\/media\/434"}],"wp:attachment":[{"href":"https:\/\/cmd24.fr\/index.php?rest_route=%2Fwp%2Fv2%2Fmedia&parent=429"}],"curies":[{"name":"wp","href":"https:\/\/api.w.org\/{rel}","templated":true}]}}