{"id":440,"date":"2017-02-10T04:01:39","date_gmt":"2017-02-10T03:01:39","guid":{"rendered":"http:\/\/cmd24.fr\/?page_id=440"},"modified":"2019-02-28T00:02:01","modified_gmt":"2019-02-27T23:02:01","slug":"le-comite-motocycliste-dordogne-cest-qui","status":"publish","type":"page","link":"https:\/\/cmd24.fr\/","title":{"rendered":"Qui est le Comit\u00e9 Motocycliste Dordogne?"},"content":{"rendered":"<div id=\"page_content\">\n<h3 style=\"text-align: justify;\"><span style=\"color: #ffcc00;\"><em><strong><img data-attachment-id=\"56\" data-permalink=\"https:\/\/cmd24.fr\/?attachment_id=56\" data-orig-file=\"https:\/\/i0.wp.com\/cmd24.fr\/wp-content\/uploads\/2016\/12\/cropped-Logo-2011-WEB-1.jpg?fit=163%2C85&amp;ssl=1\" data-orig-size=\"163,85\" data-comments-opened=\"1\" data-image-meta=\"{&quot;aperture&quot;:&quot;0&quot;,&quot;credit&quot;:&quot;&quot;,&quot;camera&quot;:&quot;&quot;,&quot;caption&quot;:&quot;&quot;,&quot;created_timestamp&quot;:&quot;0&quot;,&quot;copyright&quot;:&quot;&quot;,&quot;focal_length&quot;:&quot;0&quot;,&quot;iso&quot;:&quot;0&quot;,&quot;shutter_speed&quot;:&quot;0&quot;,&quot;title&quot;:&quot;&quot;,&quot;orientation&quot;:&quot;0&quot;}\" data-image-title=\"cropped-Logo-2011-WEB-1.jpg\" data-image-description=\"&lt;p&gt;https:\/\/i0.wp.com\/cmd24.fr\/wp-content\/uploads\/2016\/12\/cropped-Logo-2011-WEB-1.jpg?resize=163%2C85&lt;\/p&gt;\n\" data-image-caption=\"\" data-medium-file=\"https:\/\/i0.wp.com\/cmd24.fr\/wp-content\/uploads\/2016\/12\/cropped-Logo-2011-WEB-1.jpg?fit=163%2C85&amp;ssl=1\" data-large-file=\"https:\/\/i0.wp.com\/cmd24.fr\/wp-content\/uploads\/2016\/12\/cropped-Logo-2011-WEB-1.jpg?fit=163%2C85&amp;ssl=1\" decoding=\"async\" loading=\"lazy\" class=\"alignleft size-full wp-image-56\" src=\"https:\/\/i0.wp.com\/cmd24.fr\/wp-content\/uploads\/2016\/12\/cropped-Logo-2011-WEB-1.jpg?resize=163%2C85\" alt=\"\" width=\"163\" height=\"85\" data-id=\"56\" data-recalc-dims=\"1\" \/>Le CMD 24 repr\u00e9sente l&rsquo;antenne de la F\u00e9d\u00e9ration Fran\u00e7aise de Motocyclisme au niveau du d\u00e9partement.<\/strong><\/em><\/span><\/h3>\n<hr \/>\n<p><em><strong>SES ACTIONS:<\/strong><\/em><\/p>\n<ul>\n<li style=\"text-align: justify;\"><span style=\"font-size: 12pt;\">&#8211; Regroupe les 26 associations, dont 20 clubs motocyclistes organisateurs de manifestations sportives.<\/span><\/li>\n<li style=\"text-align: justify;\"><span style=\"font-size: 12pt;\">&#8211;\u00a0 Repr\u00e9sente<strong> 813<\/strong> licenci\u00e9s (licences annuelles et journ\u00e9es) pour 2018<\/span><\/li>\n<li style=\"text-align: justify;\"><span style=\"font-size: 12pt;\">&#8211;\u00a0 <strong>22<\/strong> organisations sportives faites par les clubs en 2018<\/span><\/li>\n<li style=\"text-align: justify;\"><span style=\"font-size: 12pt;\">&#8211; Si\u00e8ge \u00e0 la<strong> C<\/strong>ommission <strong>D<\/strong>\u00e9partementale de <strong>S<\/strong>\u00e9curit\u00e9 <strong>R<\/strong>outi\u00e8re de Dordogne (<strong>CDSR<\/strong>)<\/span><\/li>\n<li style=\"text-align: justify;\"><span style=\"font-size: 12pt;\">&#8211; Organisations des sessions de <strong>CASM<\/strong> (<strong>C<\/strong>ertificat d&rsquo;<strong>A<\/strong>ptitude au <strong>S<\/strong>port <strong>M<\/strong>otocycliste) et Guidons motocycliste.<\/span><\/li>\n<li style=\"text-align: justify;\"><span style=\"font-size: 12pt;\">&#8211;\u00a0 Organisation des formations d&rsquo;officiels.<\/span><\/li>\n<li style=\"text-align: justify;\"><span style=\"font-size: 12pt;\">&#8211; Organisation de manifestations sportives ou non qui promotionnent le sport motocycliste.<\/span><\/li>\n<li style=\"text-align: justify;\"><span style=\"font-size: 12pt;\">-Aides et conseils en organisations d&rsquo;\u00e9preuves, homologation de circuit, gestion de club et litige de voisinage.<\/span><\/li>\n<li style=\"text-align: justify;\">-Est en contact avec les instance administratives locales (Conseil d\u00e9partemental, DDCSPP, Pr\u00e9fecture et sous pr\u00e9fectures, mairies).<\/li>\n<li style=\"text-align: justify;\">&#8211; Apporte une aide financi\u00e8res aux clubs sur certains projets<\/li>\n<li style=\"text-align: justify;\">&#8211; Accompagne les pilotes de haut niveau du d\u00e9partement\u00a0 dans leurs d\u00e9marches en sponsoring.<\/li>\n<li style=\"text-align: justify;\"><span style=\"font-size: 12pt;\">&#8211;\u00a0 En lien avec le service juridique de la FFM<\/span><\/li>\n<li style=\"text-align: justify;\"><span style=\"font-size: 12pt;\">&#8211;\u00a0 Mise \u00e0 disposition d&rsquo;une structure \u00e9ducative de mini motos<\/span><\/li>\n<li style=\"text-align: justify;\"><span style=\"font-size: 12pt;\">&#8211;\u00a0 Organisation de stages de perfectionnement et de pilotage<\/span><\/li>\n<\/ul>\n<p style=\"text-align: justify;\"><em><strong><span style=\"font-size: 12pt;\"><span style=\"color: #ff9900;\">Il fait parti des 12 d\u00e9partements qui composent la Ligue Motocycliste Nouvelle-Aquitaine<\/span><\/span><\/strong><\/em><\/p>\n<p><img decoding=\"async\" loading=\"lazy\" class=\"aligncenter wp-image-310 size-full\" src=\"https:\/\/i0.wp.com\/cmd24.fr\/wp-content\/uploads\/2017\/02\/Fond-page-Mail-e1486255517703.jpg?resize=525%2C131\" width=\"525\" height=\"131\" data-id=\"310\" data-recalc-dims=\"1\" \/><\/p>\n<\/div>\n","protected":false},"excerpt":{"rendered":"<p>Le CMD 24 repr\u00e9sente l&rsquo;antenne de la F\u00e9d\u00e9ration Fran\u00e7aise de Motocyclisme au niveau du d\u00e9partement. SES ACTIONS: &#8211; Regroupe les 26 associations, dont 20 clubs motocyclistes organisateurs de manifestations sportives. &#8211;\u00a0 Repr\u00e9sente 813 licenci\u00e9s (licences annuelles et journ\u00e9es) pour 2018 &#8211;\u00a0 22 organisations sportives faites par les clubs en 2018 &#8211; Si\u00e8ge \u00e0 la Commission &hellip; <\/p>\n<p class=\"link-more\"><a href=\"https:\/\/cmd24.fr\/\" class=\"more-link\">Continuer la lecture<span class=\"screen-reader-text\"> de &laquo;&nbsp;Qui est le Comit\u00e9 Motocycliste Dordogne?&nbsp;&raquo;<\/span><\/a><\/p>\n","protected":false},"author":1,"featured_media":0,"parent":0,"menu_order":0,"comment_status":"closed","ping_status":"closed","template":"","meta":{"jetpack_post_was_ever_published":false},"colors":{"color":"ffffff","contrast":"0,0,0","custom":false},"jetpack_sharing_enabled":true,"jetpack_shortlink":"https:\/\/wp.me\/P8nMqZ-76","_links":{"self":[{"href":"https:\/\/cmd24.fr\/index.php?rest_route=\/wp\/v2\/pages\/440"}],"collection":[{"href":"https:\/\/cmd24.fr\/index.php?rest_route=\/wp\/v2\/pages"}],"about":[{"href":"https:\/\/cmd24.fr\/index.php?rest_route=\/wp\/v2\/types\/page"}],"author":[{"embeddable":true,"href":"https:\/\/cmd24.fr\/index.php?rest_route=\/wp\/v2\/users\/1"}],"replies":[{"embeddable":true,"href":"https:\/\/cmd24.fr\/index.php?rest_route=%2Fwp%2Fv2%2Fcomments&post=440"}],"version-history":[{"count":18,"href":"https:\/\/cmd24.fr\/index.php?rest_route=\/wp\/v2\/pages\/440\/revisions"}],"predecessor-version":[{"id":883,"href":"https:\/\/cmd24.fr\/index.php?rest_route=\/wp\/v2\/pages\/440\/revisions\/883"}],"wp:attachment":[{"href":"https:\/\/cmd24.fr\/index.php?rest_route=%2Fwp%2Fv2%2Fmedia&parent=440"}],"curies":[{"name":"wp","href":"https:\/\/api.w.org\/{rel}","templated":true}]}}