{"id":589,"date":"2017-08-21T21:57:52","date_gmt":"2017-08-21T19:57:52","guid":{"rendered":"http:\/\/cmd24.fr\/?page_id=589"},"modified":"2018-10-27T20:02:18","modified_gmt":"2018-10-27T18:02:18","slug":"cmd24-rallyemc-leyssartrou-rallye-du-causserallye-touristique-et-securite-routiere-resultats-rallye-du-causse-2017","status":"publish","type":"page","link":"https:\/\/cmd24.fr\/?page_id=589","title":{"rendered":"Rallyes Tourisme et S\u00e9curit\u00e9 Routi\u00e8re"},"content":{"rendered":"<h2 style=\"text-align: center;\"><span style=\"font-size: 24pt; color: #ff9900;\"><em><strong>\u00ab\u00a0Challenge P\u00e9rigord S\u00e9curit\u00e9 Moto\u00a0\u00bb CPSM<\/strong><\/em><\/span><\/h2>\n<h2 style=\"text-align: center;\"><span style=\"font-size: 16px; color: #ffff00;\"><strong><em><span style=\"color: #ff9900;\">Les Rallyes comptant pour le Challenge et organis\u00e9s par les clubs motocyclistes en partenariat avec le CMD 24<\/span> <\/em><\/strong><\/span><\/h2>\n<p style=\"text-align: left;\"><em>Moto Club des Deux rives,\u00a0 <strong>13 mai 2018\u00a0\u00a0 \u00a0 \u00a0\u00a0 \u00a0<span style=\"color: #ff0000;\"> Inscription en ligne <\/span> \u00a0 \u00a0 \u00a0 \u00a0\u00a0 <\/strong><\/em><em><strong>Inscription postale<\/strong><\/em><\/p>\n<p style=\"text-align: left;\"><em>Rouffignac Moto Club,\u00a0\u00a0\u00a0\u00a0\u00a0\u00a0\u00a0\u00a0\u00a0 <strong>17 juin 2018 \u00a0 \u00a0<span style=\"color: #ff0000;\"> \u00a0 \u00a0\u00a0 Inscription en ligne \u00a0<\/span> \u00a0 \u00a0\u00a0 \u00a0 \u00a0 \u00a0 \u00a0\u00a0\u00a0 <\/strong><\/em><em><strong>Inscription postale<\/strong><\/em><\/p>\n<p style=\"text-align: left;\"><em>Moto Club de Leyssartrou, <strong>23 septembre 2018 \u00a0<span style=\"color: #ff0000;\"> Inscription en ligne<\/span>\u00a0\u00a0\u00a0\u00a0\u00a0 Inscription postale<\/strong> <\/em><\/p>\n<p style=\"text-align: center;\"><span style=\"color: #ffcc00;\"><em>Soir\u00e9e\u00a0 \u00e9v\u00e8nementielle CPSM est organis\u00e9e par le CMD 24 pour la remise des prix du Challenge<\/em><\/span><\/p>\n<p style=\"text-align: center;\"><span style=\"color: #ffcc00; font-size: 20px;\"><em> <strong>le vendredi 9 novembre, h\u00f4tel IBIS P\u00e9rigueux Centre \u00e0 19h.<br \/>\n<\/strong><\/em><\/span><\/p>\n<p style=\"text-align: center;\"><a href=\"http:\/\/cmd24.fr\/wp-content\/uploads\/2017\/08\/Bon-R\u00e8glement-des-Rallyes-du-Challenge-P\u00e9rigord-S\u00e9curit\u00e9-Moto-2018.pdf\" target=\"_blank\" rel=\"noopener noreferrer\">le r\u00e8glement du CPSM <\/a> 2018 \u00a0\u00a0\u00a0\u00a0\u00a0\u00a0\u00a0\u00a0\u00a0\u00a0\u00a0\u00a0\u00a0\u00a0\u00a0\u00a0\u00a0\u00a0\u00a0\u00a0\u00a0\u00a0\u00a0\u00a0\u00a0\u00a0\u00a0\u00a0\u00a0\u00a0\u00a0\u00a0\u00a0\u00a0\u00a0\u00a0\u00a0\u00a0\u00a0\u00a0\u00a0\u00a0\u00a0\u00a0\u00a0\u00a0\u00a0\u00a0\u00a0\u00a0\u00a0\u00a0\u00a0 \u00a0\u00a0\u00a0\u00a0 <a href=\"http:\/\/cmd24.fr\/wp-content\/uploads\/2017\/08\/PROJET-CPSM.pdf\" target=\"_blank\" rel=\"noopener noreferrer\">Le projet CPSM 2018<\/a><\/p>\n<hr \/>\n<p style=\"text-align: center;\"><span style=\"font-size: 20px; color: #ffcc00;\"><em><strong>Classement final Challenge CPSM 2018\u00a0\u00a0<\/strong><\/em><\/span><\/p>\n<p style=\"text-align: center;\"><span style=\"font-size: 24px; color: #ffcc00;\"><em><span style=\"font-size: 16px;\"><strong><span style=\"color: #ff0000;\">\u00a0 <a style=\"color: #ff0000;\" href=\"http:\/\/cmd24.fr\/wp-content\/uploads\/2017\/08\/CLASSEMENT-SCRATCH.pdf\" target=\"_blank\" rel=\"noopener noreferrer\">CLassement Scratch<\/a><\/span><\/strong><\/span><strong><span style=\"font-size: 16px;\"><br \/>\n<\/span><\/strong><\/em><\/span><\/p>\n<p style=\"text-align: left;\"><span style=\"color: #ff0000;\"><strong><a style=\"color: #ff0000;\" href=\"http:\/\/cmd24.fr\/wp-content\/uploads\/2017\/08\/CLASSEMENT-SECURITE-ROUTIERE.pdf\" target=\"_blank\" rel=\"noopener noreferrer\">Questions s\u00e9curit\u00e9 routi\u00e8re\u00a0\u00a0<\/a><\/strong>\u00a0<\/span>\u00a0\u00a0\u00a0 \u00a0 \u00a0 \u00a0 \u00a0 <a href=\"http:\/\/cmd24.fr\/wp-content\/uploads\/2017\/08\/CLASSEMENT-QUEST-GENER.pdf\" target=\"_blank\" rel=\"noopener noreferrer\"><strong><span style=\"color: #ff0000;\">Questions g\u00e9n\u00e9rales\u00a0<\/span>\u00a0<\/strong><\/a>\u00a0\u00a0 \u00a0 \u00a0 \u00a0 \u00a0<span style=\"color: #ff0000;\">\u00a0<strong> <a style=\"color: #ff0000;\" href=\"http:\/\/cmd24.fr\/wp-content\/uploads\/2017\/08\/CLSSEMENT-JEUX.pdf\" target=\"_blank\" rel=\"noopener noreferrer\">Jeux<\/a><\/strong><\/span><\/p>\n<p style=\"text-align: left;\"><span style=\"font-size: 24px; color: #ffcc00;\"><em><strong>Les Rallyes r\u00e9alis\u00e9s\u00a0\u00a0 <br \/>\n<\/strong><\/em><\/span><\/p>\n<p style=\"text-align: left;\"><a href=\"https:\/\/public.joomeo.com\/albums\/5bb66ca39ba06\" target=\"_blank\" rel=\"noopener noreferrer\"><em><strong>Photos Rallye du Causse 2018 <\/strong><\/em>\u00a0\u00a0<\/a>\u00a0\u00a0\u00a0\u00a0\u00a0\u00a0<em><strong> <a href=\"http:\/\/cmd24.fr\/wp-content\/uploads\/2017\/08\/Classement-Journ\u00e9e-2.pdf\" target=\"_blank\" rel=\"noopener noreferrer\">Classement fin de journ\u00e9e<\/a><\/strong><\/em><\/p>\n<p style=\"text-align: left;\"><em><strong><a href=\"https:\/\/public.joomeo.com\/albums\/5b26c7d26e374\" target=\"_blank\" rel=\"noopener noreferrer\">Photos Rallye des Mammouths 2018<\/a> <\/strong><\/em>\u00a0\u00a0\u00a0\u00a0\u00a0\u00a0\u00a0\u00a0<a href=\"http:\/\/cmd24.fr\/wp-content\/uploads\/2017\/08\/Classement-Journ\u00e9e-1.pdf\" target=\"_blank\" rel=\"noopener noreferrer\"> <em><strong>Classement fin de journ\u00e9e<\/strong><\/em><\/a><\/p>\n<p style=\"text-align: left;\"><em><strong><a href=\"https:\/\/public.joomeo.com\/albums\/5af9e4aae3d3c\" target=\"_blank\" rel=\"noopener noreferrer\">Photos du rallye des Deux Rives 2018<\/a> \u00a0\u00a0\u00a0 <a href=\"http:\/\/cmd24.fr\/wp-content\/uploads\/2017\/08\/Classement-Journ\u00e9e.pdf\" target=\"_blank\" rel=\"noopener noreferrer\">Classement de fin de journ\u00e9e<\/a><br \/>\n <\/strong><\/em><\/p>\n","protected":false},"excerpt":{"rendered":"<p>\u00ab\u00a0Challenge P\u00e9rigord S\u00e9curit\u00e9 Moto\u00a0\u00bb CPSM Les Rallyes comptant pour le Challenge et organis\u00e9s par les clubs motocyclistes en partenariat avec le CMD 24 Moto Club des Deux rives,\u00a0 13 mai 2018\u00a0\u00a0 \u00a0 \u00a0\u00a0 \u00a0 Inscription en ligne \u00a0 \u00a0 \u00a0 \u00a0\u00a0 Inscription postale Rouffignac Moto Club,\u00a0\u00a0\u00a0\u00a0\u00a0\u00a0\u00a0\u00a0\u00a0 17 juin 2018 \u00a0 \u00a0 \u00a0 \u00a0\u00a0 Inscription en &hellip; <\/p>\n<p class=\"link-more\"><a href=\"https:\/\/cmd24.fr\/?page_id=589\" class=\"more-link\">Continuer la lecture<span class=\"screen-reader-text\"> de &laquo;&nbsp;Rallyes Tourisme et S\u00e9curit\u00e9 Routi\u00e8re&nbsp;&raquo;<\/span><\/a><\/p>\n","protected":false},"author":1,"featured_media":757,"parent":429,"menu_order":1,"comment_status":"closed","ping_status":"closed","template":"","meta":{"jetpack_post_was_ever_published":false},"colors":{"color":"fac70d","contrast":"0,0,0","custom":false},"jetpack_sharing_enabled":true,"jetpack_shortlink":"https:\/\/wp.me\/P8nMqZ-9v","_links":{"self":[{"href":"https:\/\/cmd24.fr\/index.php?rest_route=\/wp\/v2\/pages\/589"}],"collection":[{"href":"https:\/\/cmd24.fr\/index.php?rest_route=\/wp\/v2\/pages"}],"about":[{"href":"https:\/\/cmd24.fr\/index.php?rest_route=\/wp\/v2\/types\/page"}],"author":[{"embeddable":true,"href":"https:\/\/cmd24.fr\/index.php?rest_route=\/wp\/v2\/users\/1"}],"replies":[{"embeddable":true,"href":"https:\/\/cmd24.fr\/index.php?rest_route=%2Fwp%2Fv2%2Fcomments&post=589"}],"version-history":[{"count":81,"href":"https:\/\/cmd24.fr\/index.php?rest_route=\/wp\/v2\/pages\/589\/revisions"}],"predecessor-version":[{"id":827,"href":"https:\/\/cmd24.fr\/index.php?rest_route=\/wp\/v2\/pages\/589\/revisions\/827"}],"up":[{"embeddable":true,"href":"https:\/\/cmd24.fr\/index.php?rest_route=\/wp\/v2\/pages\/429"}],"wp:featuredmedia":[{"embeddable":true,"href":"https:\/\/cmd24.fr\/index.php?rest_route=\/wp\/v2\/media\/757"}],"wp:attachment":[{"href":"https:\/\/cmd24.fr\/index.php?rest_route=%2Fwp%2Fv2%2Fmedia&parent=589"}],"curies":[{"name":"wp","href":"https:\/\/api.w.org\/{rel}","templated":true}]}}