{"id":68,"date":"2017-01-30T00:11:31","date_gmt":"2017-01-29T23:11:31","guid":{"rendered":"http:\/\/cmd24.fr\/?page_id=68"},"modified":"2017-03-25T00:21:36","modified_gmt":"2017-03-24T23:21:36","slug":"clubs-24circuits-dentrainements-dordogne","status":"publish","type":"page","link":"https:\/\/cmd24.fr\/?page_id=68","title":{"rendered":"Circuits entrainements"},"content":{"rendered":"<p>T\u00e9l\u00e9chargez la liste des <span style=\"color: #ffff00;\"><a style=\"color: #ffff00;\" href=\"http:\/\/cmd24.fr\/wp-content\/uploads\/2017\/01\/terrains-d-entrainement-24.pdf\" target=\"_blank\">circuits d&rsquo;entrainement<\/a> <\/span>et contactez le club avant de partir\u00a0 pour vous faire confirmer l&rsquo;ouverture.<\/p>\n<h1 style=\"text-align: center;\"><span style=\"font-size: 24pt;\"><em><strong><span style=\"color: #ff0000;\">Des circuits homologu\u00e9s pour rouler <\/span><span style=\"color: #ff0000;\">assur\u00e9 en toute s\u00e9curit\u00e9 avec une licence FFM !<\/span><\/strong><\/em><\/span><\/h1>\n","protected":false},"excerpt":{"rendered":"<p>T\u00e9l\u00e9chargez la liste des circuits d&rsquo;entrainement et contactez le club avant de partir\u00a0 pour vous faire confirmer l&rsquo;ouverture. Des circuits homologu\u00e9s pour rouler assur\u00e9 en toute s\u00e9curit\u00e9 avec une licence FFM !<\/p>\n","protected":false},"author":1,"featured_media":239,"parent":147,"menu_order":0,"comment_status":"closed","ping_status":"closed","template":"","meta":{"jetpack_post_was_ever_published":false},"colors":{"color":"9b8e86","contrast":"0,0,0","custom":false},"jetpack_sharing_enabled":true,"jetpack_shortlink":"https:\/\/wp.me\/P8nMqZ-16","_links":{"self":[{"href":"https:\/\/cmd24.fr\/index.php?rest_route=\/wp\/v2\/pages\/68"}],"collection":[{"href":"https:\/\/cmd24.fr\/index.php?rest_route=\/wp\/v2\/pages"}],"about":[{"href":"https:\/\/cmd24.fr\/index.php?rest_route=\/wp\/v2\/types\/page"}],"author":[{"embeddable":true,"href":"https:\/\/cmd24.fr\/index.php?rest_route=\/wp\/v2\/users\/1"}],"replies":[{"embeddable":true,"href":"https:\/\/cmd24.fr\/index.php?rest_route=%2Fwp%2Fv2%2Fcomments&post=68"}],"version-history":[{"count":13,"href":"https:\/\/cmd24.fr\/index.php?rest_route=\/wp\/v2\/pages\/68\/revisions"}],"predecessor-version":[{"id":980,"href":"https:\/\/cmd24.fr\/index.php?rest_route=\/wp\/v2\/pages\/68\/revisions\/980"}],"up":[{"embeddable":true,"href":"https:\/\/cmd24.fr\/index.php?rest_route=\/wp\/v2\/pages\/147"}],"wp:featuredmedia":[{"embeddable":true,"href":"https:\/\/cmd24.fr\/index.php?rest_route=\/wp\/v2\/media\/239"}],"wp:attachment":[{"href":"https:\/\/cmd24.fr\/index.php?rest_route=%2Fwp%2Fv2%2Fmedia&parent=68"}],"curies":[{"name":"wp","href":"https:\/\/api.w.org\/{rel}","templated":true}]}}