{"id":834,"date":"2019-02-01T01:48:56","date_gmt":"2019-02-01T00:48:56","guid":{"rendered":"http:\/\/cmd24.fr\/?page_id=834"},"modified":"2023-07-05T22:46:08","modified_gmt":"2023-07-05T20:46:08","slug":"casm-guidons","status":"publish","type":"page","link":"https:\/\/cmd24.fr\/?page_id=834","title":{"rendered":"CASM et Guidons"},"content":{"rendered":"<h1><span style=\"color: #ffff00; font-size: 32px;\"><strong><em>Formations<\/em><em> CASM et Guidons<\/em><\/strong><\/span><\/h1>\n<p><a href=\"http:\/\/cmd24.fr\/wp-content\/uploads\/2021\/03\/Calendrier-CASM-2021.pdf\" target=\"_blank\" rel=\"noopener noreferrer\">Calendrier 2021<\/a> des sessions CASM et Guidons en Dordogne<\/p>\n<p>Pour s&rsquo;inscrire, cliquez sur le lien ci-dessous et laissez vous guidez!<\/p>\n<p><span style=\"color: #ff0000; font-size: 24px;\"><em><span style=\"color: #ffff00;\"><a style=\"color: #ffff00;\" href=\"https:\/\/liguemotonouvelleaquitaine.org\/debuter\/casm-guidons\/inscription-casm\" target=\"_blank\" rel=\"noopener noreferrer\">I<\/a><\/span><a href=\"http:\/\/intranet.ffmoto.net\/\"><span style=\"color: #ffff00;\">nscription CASM et Guidon en ligne\u00a0<\/span><\/a><\/em><\/span><\/p>\n<p>Une fois sur la page FFM, vous devez cr\u00e9er votre compte (obligatoire pour continuer)<\/p>\n<p>Une fois votre compte cr\u00e9er, acc\u00e9dez \u00e0 la page \u00ab\u00a0Espace Privatif\u00a0\u00bb, cliquez sur \u00ab\u00a0Formation\u00a0\u00bb<\/p>\n<p>En haut de page, cliquez sur \u00ab\u00a0Brevet CASM\u00a0\u00bb , choisissez dans la liste la session qui vous convient.<\/p>\n<p>Si vous rencontrez des difficult\u00e9s, contactez le CMD 24<\/p>\n","protected":false},"excerpt":{"rendered":"<p>Formations CASM et Guidons Calendrier 2021 des sessions CASM et Guidons en Dordogne Pour s&rsquo;inscrire, cliquez sur le lien ci-dessous et laissez vous guidez! Inscription CASM et Guidon en ligne\u00a0 Une fois sur la page FFM, vous devez cr\u00e9er votre compte (obligatoire pour continuer) Une fois votre compte cr\u00e9er, acc\u00e9dez \u00e0 la page \u00ab\u00a0Espace Privatif\u00a0\u00bb, &hellip; <\/p>\n<p class=\"link-more\"><a href=\"https:\/\/cmd24.fr\/?page_id=834\" class=\"more-link\">Continuer la lecture<span class=\"screen-reader-text\"> de &laquo;&nbsp;CASM et Guidons&nbsp;&raquo;<\/span><\/a><\/p>\n","protected":false},"author":1,"featured_media":422,"parent":0,"menu_order":0,"comment_status":"closed","ping_status":"closed","template":"","meta":{"jetpack_post_was_ever_published":false},"colors":{"color":"82705c","contrast":"255,255,255","custom":false},"jetpack_sharing_enabled":true,"jetpack_shortlink":"https:\/\/wp.me\/P8nMqZ-ds","_links":{"self":[{"href":"https:\/\/cmd24.fr\/index.php?rest_route=\/wp\/v2\/pages\/834"}],"collection":[{"href":"https:\/\/cmd24.fr\/index.php?rest_route=\/wp\/v2\/pages"}],"about":[{"href":"https:\/\/cmd24.fr\/index.php?rest_route=\/wp\/v2\/types\/page"}],"author":[{"embeddable":true,"href":"https:\/\/cmd24.fr\/index.php?rest_route=\/wp\/v2\/users\/1"}],"replies":[{"embeddable":true,"href":"https:\/\/cmd24.fr\/index.php?rest_route=%2Fwp%2Fv2%2Fcomments&post=834"}],"version-history":[{"count":17,"href":"https:\/\/cmd24.fr\/index.php?rest_route=\/wp\/v2\/pages\/834\/revisions"}],"predecessor-version":[{"id":990,"href":"https:\/\/cmd24.fr\/index.php?rest_route=\/wp\/v2\/pages\/834\/revisions\/990"}],"wp:featuredmedia":[{"embeddable":true,"href":"https:\/\/cmd24.fr\/index.php?rest_route=\/wp\/v2\/media\/422"}],"wp:attachment":[{"href":"https:\/\/cmd24.fr\/index.php?rest_route=%2Fwp%2Fv2%2Fmedia&parent=834"}],"curies":[{"name":"wp","href":"https:\/\/api.w.org\/{rel}","templated":true}]}}